{"id":20181,"date":"2019-09-23T13:26:28","date_gmt":"2019-09-23T07:56:28","guid":{"rendered":"https:\/\/www.vedafive.com\/bienestar\/"},"modified":"2022-10-03T18:44:36","modified_gmt":"2022-10-03T13:14:36","slug":"bienestar","status":"publish","type":"page","link":"https:\/\/www.vedafive.com\/es\/bienestar\/","title":{"rendered":"Bienestar"},"content":{"rendered":"<section class=\"wpb-content-wrapper\">[vc_row][vc_column][vc_single_image image=\u00bb15187&#8243; img_size=\u00bbfull\u00bb alignment=\u00bbcenter\u00bb][\/vc_column][\/vc_row][vc_row blox_class=\u00bbtitles_row\u00bb css=\u00bb.vc_custom_1580101180416{margin-top: 25px !important;margin-bottom: 20px !important;padding-top: 0px !important;padding-bottom: 0px !important;}\u00bb][vc_column css=\u00bb.vc_custom_1580101035951{margin-top: 0px !important;margin-bottom: 0px !important;padding-top: 0px !important;padding-bottom: 0px !important;}\u00bb]<h1 class=\"big-title1 aligncenter\">Ayurveda, Panchakarma y Yoga Wellness en Rishikesh<\/h1><article class=\"title-plus-text type-2 center \" style=\"text-align:center\" ><h3>Retiro de bienestar de ayurveda, panchakarma y yoga de primera categor\u00eda en las pr\u00edstinas estribaciones del Himalaya<\/h3><h2>Veda5 Luxury Wellness Retreat, India<\/h2><\/article>[\/vc_column][\/vc_row][vc_row blox_class=\u00bbintro3cols_row\u00bb css=\u00bb.vc_custom_1566587323259{margin-top: 0px !important;margin-bottom: 0px !important;padding-top: 0px !important;padding-bottom: 0px !important;}\u00bb][vc_column width=\u00bb1\/3&#8243;][vc_media_grid element_width=\u00bb12&#8243; grid_id=\u00bbvc_gid:1664744433126-f79bb8ca-46bc-2&#8243; include=\u00bb13663,12825&#8243; el_class=\u00bbintro_leftmgrid\u00bb][\/vc_column][vc_column width=\u00bb1\/3&#8243; css=\u00bb.vc_custom_1589417750870{margin-top: 0px !important;margin-bottom: 0px !important;padding-top: 0px !important;padding-bottom: 0px !important;}\u00bb][vc_column_text css=\u00bb.vc_custom_1664744853848{margin-top: 0px !important;margin-bottom: 0px !important;padding-top: 0px !important;padding-bottom: 0px !important;}\u00bb]\n<p style=\"text-align: justify;\">Seg\u00fan las ense\u00f1anzas del Ayurveda, todo ser humano tiene cuatro instintos biol\u00f3gicos y espirituales: el religioso, el financiero, el pro-creativo y el instinto hacia la libertad. Una buena salud equilibrada es la base para la realizaci\u00f3n de estos instintos.<\/p>\n<p style=\"text-align: justify;\">El Ayurveda ayuda a la persona sana a mantener la salud y a la persona enferma a recuperarla. Es una ciencia de la vida m\u00e9dica-metaf\u00edsica curativa, la madre de todas las artes curativas. La pr\u00e1ctica del Ayurveda est\u00e1 dise\u00f1ada para promover la felicidad humana, la salud y el crecimiento creativo.<\/p>\n<p style=\"text-align: justify;\">Veda5 es uno de los retiros de ayurveda, panchakarma y yoga m\u00e1s reputados de la India, donde la naturaleza se une al lujo y al bienestar. Veda5 ofrece desde lujosas habitaciones con las m\u00e1s modernas comodidades hasta caba\u00f1as de barro de alta calidad y cuevas de meditaci\u00f3n para los hu\u00e9spedes que buscan experiencias \u00fanicas.<\/p>\n<p style=\"text-align: justify;\"> <a href=\"https:\/\/www.vedafive.com\/es\/cumbre-del-bienestar-2022-el-mejor-retiro-en-rishikesh-india\/\">Cumbre del bienestar<\/a> Veda5  que se celebrar\u00e1 en noviembre de 2022, est\u00e1 meticulosamente repleto de tratamientos de Ayurveda y Naturopat\u00eda, varios tipos de Yoga, Meditaci\u00f3n, Kirtan y Havan (puja de fuego), conferencias y debates basados en el Ayurveda y el Yoga sobre la salud, la cocina, las enfermedades, las lesiones y la gesti\u00f3n del dolor, cenas Ayurveda, bebidas Detox, excursiones espirituales y m\u00e1s actividades para una vida sana y juvenil.<\/p>\n[\/vc_column_text][\/vc_column][vc_column width=\u00bb1\/3&#8243;][vc_media_grid element_width=\u00bb12&#8243; grid_id=\u00bbvc_gid:1664744433127-12067439-3e13-5&#8243; include=\u00bb13654,13655&#8243; el_class=\u00bbintro_rightmgrid\u00bb][\/vc_column][\/vc_row][vc_row row_type=\u00bb2&#8243; blox_image=\u00bb12389&#8243; blox_padding_bottom=\u00bb20px\u00bb blox_bgcolor=\u00bb#f2f2f2&#8243;][vc_column]<hr class=\"vertical-space2\"><article class=\"title-plus-text type-2 center \" style=\"text-align:center\" ><h3>Relajaci\u00f3n, rejuvenecimiento, desintoxicaci\u00f3n, p\u00e9rdida de peso, curaci\u00f3n y m\u00e1s<\/h3><h2>El mejor retiro en Rishikesh<\/h2><\/article><hr class=\"vertical-space2\">[vc_row_inner][vc_column_inner width=\u00bb1\/2&#8243;][vc_media_grid element_width=\u00bb12&#8243; gap=\u00bb0&#8243; grid_id=\u00bbvc_gid:1664744433129-c4b4fce4-9e0e-10&#8243; include=\u00bb15387&#8243;]<article class=\"icon-box1\" ><h5>Retiro de lujo<\/h5><h4>Ayurveda y Panchakarma<\/h4><p>El Ayurveda y el Panchakarma ayudan a la persona sana a mantener la salud, y a la persona enferma a desintoxicarse, limpiarse, curarse y recuperar la salud. Es una ciencia de la vida m\u00e9dica-metaf\u00edsica curativa, la madre de todas las artes curativas...<\/p><\/article><a href=\"\/es\/mejor-retiro-de-ayurveda-y-panchakarma-en-rishikesh-india\/\" class=\"button green rounded medium  \" target=\"_self\">Ver m\u00e1s<\/a>[\/vc_column_inner][vc_column_inner width=\u00bb1\/2&#8243;][vc_media_grid element_width=\u00bb12&#8243; gap=\u00bb0&#8243; grid_id=\u00bbvc_gid:1664744433130-ad117433-7fe2-8&#8243; include=\u00bb15509&#8243;]<article class=\"icon-box1\" ><h5>Tratamientos aut\u00e9nticos<\/h5><h4>Ayurveda y Panchakarma<\/h4><p>Los tratamientos de Ayurveda y Panchakarma se han utilizado durante mucho tiempo para sanar y curar problemas simples y complejos relacionados con el cuerpo y la mente y para mantenerse sano, joven, desestresado, desintoxicado y libre de enfermedades para una larga vida...<\/p><\/article><a href=\"\/es\/los-mejores-tratamientos-de-ayurveda-y-panchakarma-en-rishikesh-india\/\" class=\"button green rounded medium  \" target=\"_self\">Ver m\u00e1s<\/a>[\/vc_column_inner][\/vc_row_inner]<hr class=\"vertical-space2\">[vc_row_inner][vc_column_inner width=\u00bb1\/2&#8243;][vc_media_grid element_width=\u00bb12&#8243; gap=\u00bb0&#8243; grid_id=\u00bbvc_gid:1664744433130-70219f3a-71af-9&#8243; include=\u00bb13327&#8243;]<article class=\"icon-box1\" ><h5>Comedor inteligente<\/h5><h4>Ayurveda y Panchakarma<\/h4><p>En Veda5, nuestros hu\u00e9spedes disfrutan de una cena lujosa, deliciosa y saludable con productos frescos, incluso de nuestra granja org\u00e1nica, en medio de la exuberante vegetaci\u00f3n, el aire y el agua limpios y la serenidad del Himalaya...<\/p><\/article><a href=\"\/es\/la-mejor-cena-satvica-ayurvedica-y-yoguica-en-rishikesh-india\/\" class=\"button green rounded medium  \" target=\"_self\">Ver m\u00e1s<\/a>[\/vc_column_inner][vc_column_inner width=\u00bb1\/2&#8243;][vc_media_grid element_width=\u00bb12&#8243; gap=\u00bb0&#8243; grid_id=\u00bbvc_gid:1664744433131-8d32ee6e-2d8c-9&#8243; include=\u00bb12828&#8243;]<article class=\"icon-box1\" ><h5>Retiro de lujo<\/h5><h4>Yoga y meditaci\u00f3n<\/h4><p>El yoga y la meditaci\u00f3n son una de las mejores maneras de aliviar el estr\u00e9s, estirar y fortalecer el cuerpo y la mente y ganar en salud y bienestar. Las sesiones de yoga y meditaci\u00f3n est\u00e1n dirigidas por expertos para adaptarse a su...<\/p><\/article><a href=\"\/es\/el-mejor-retiro-de-yoga-y-meditacion-en-rishikesh-india\/\" class=\"button green rounded medium  \" target=\"_self\">Ver m\u00e1s<\/a>[\/vc_column_inner][\/vc_row_inner][\/vc_column][\/vc_row][vc_row css_animation=\u00bbfadeIn\u00bb animate=\u00bb\u00bb blox_class=\u00bbmgrid3imgs_row\u00bb css=\u00bb.vc_custom_1566778948694{margin-top: 0px !important;margin-bottom: 35px !important;padding-top: 0px !important;padding-bottom: 0px !important;}\u00bb][vc_column][vc_media_grid grid_id=\u00bbvc_gid:1664744433132-63843014-4ac1-7&#8243; include=\u00bb13609,13664,12822&#8243; el_class=\u00bbmgrid3imgs\u00bb][\/vc_column][\/vc_row][vc_row blox_class=\u00bbaction_row\u00bb css=\u00bb.vc_custom_1579948456657{margin-top: 21px !important;margin-bottom: 0px !important;padding-bottom: 18px !important;}\u00bb][vc_column el_class=\u00bbactions-box\u00bb][vc_cta h2=\u00bbLas excelentes valoraciones y cr\u00edticas de Veda5&#8243; h4=\u00bbEl mejor retiro de bienestar, complejo y hotel en Rishikesh, India\u00bb h4_font_container=\u00bbtag:h2|text_align:left|color:%23f27439&#8243; h4_use_theme_fonts=\u00bbyes\u00bb txt_align=\u00bbjustify\u00bb color=\u00bbgreen\u00bb add_button=\u00bbright\u00bb btn_title=\u00bbLeer comentarios\u00bb btn_color=\u00bbsuccess\u00bb btn_size=\u00bblg\u00bb add_icon=\u00bbleft\u00bb i_icon_fontawesome=\u00bbfa fa-envira\u00bb i_color=\u00bbgreen\u00bb use_custom_fonts_h4=\u00bbtrue\u00bb btn_link=\u00bburl:%2Fes%2Freviews%2F\u00bb i_link=\u00bburl:https%3A%2F%2Fwww.vedafive.com%2Freviews%2F|||\u00bb css=\u00bb.vc_custom_1664721373195{margin-top: 0px !important;margin-bottom: 0px !important;}\u00bb]\n<p style=\"text-align: justify;\">Veda5 ha sido galardonado con los premios Travelers&#8217; Choice Best of the Best de Tripadvisor 2021 y 2020 y con el Certificado de Excelencia de Tripadvisor 2019. En Tripadvisor, Veda5 Ayurveda &amp; Yoga Retreat est\u00e1 clasificado entre los mejores hoteles de Rishikesh. Muchos hu\u00e9spedes de todo el mundo han calificado a Veda5 como un excelente retiro de Ayurveda, Panchakarma y Yoga, complejo y hotel de lujo en Rishikesh, India.<\/p>\n[\/vc_cta][\/vc_column][\/vc_row][vc_row blox_class=\u00bbtwo_vids_row\u00bb][vc_column width=\u00bb1\/2&#8243; css=\u00bb.vc_custom_1580786862364{margin-top: 0px !important;margin-bottom: 0px !important;padding-top: 0px !important;padding-bottom: 0px !important;}\u00bb]<article class=\"title-plus-text type-2 center \" style=\"text-align:center\" ><h3>Un vistazo al mejor retiro en Rishikesh<\/h3><h2>AYURVEDA, PANCHAKARMA, NATUROPAT\u00cdA Y YOGA<\/h2><\/article><div class=\"ult-spacer spacer-69f50667574c5\" data-id=\"69f50667574c5\" data-height=\"30\" data-height-mobile=\"30\" data-height-tab=\"30\" data-height-tab-portrait=\"30\" data-height-mobile-landscape=\"30\" style=\"clear:both;display:block;\"><\/div>[vc_video link=\u00bbhttps:\/\/www.youtube.com\/watch?v=OuZnPX2P1c4&#8243; align=\u00bbcenter\u00bb][\/vc_column][vc_column width=\u00bb1\/2&#8243; css=\u00bb.vc_custom_1580786852119{margin-top: 0px !important;margin-bottom: 0px !important;padding-top: 0px !important;padding-bottom: 0px !important;}\u00bb]<article class=\"title-plus-text type-2 center \" style=\"text-align:center\" ><h3>Foto del cielo de The Luxury Retreat en Rishikesh<\/h3><h2>BIENESTAR, NATURALEZA, LUJO Y HOSPITALIDAD DE CLASE MUNDIAL<\/h2><\/article><div class=\"ult-spacer spacer-69f50667574f7\" data-id=\"69f50667574f7\" data-height=\"30\" data-height-mobile=\"30\" data-height-tab=\"30\" data-height-tab-portrait=\"30\" data-height-mobile-landscape=\"30\" style=\"clear:both;display:block;\"><\/div>[vc_video link=\u00bbhttps:\/\/www.youtube.com\/watch?v=IyCCqmlWlug\u00bb align=\u00bbcenter\u00bb][\/vc_column][\/vc_row][vc_column][\/vc_column]\n<\/section>","protected":false},"excerpt":{"rendered":"<p>[vc_row][vc_column][vc_single_image image=\u00bb15187&#8243; img_size=\u00bbfull\u00bb alignment=\u00bbcenter\u00bb][\/vc_column][\/vc_row][vc_row blox_class=\u00bbtitles_row\u00bb css=\u00bb.vc_custom_1580101180416{margin-top: 25px !important;margin-bottom: 20px !important;padding-top: 0px !important;padding-bottom: 0px !important;}\u00bb][vc_column css=\u00bb.vc_custom_1580101035951{margin-top: 0px !important;margin-bottom: 0px !important;padding-top: 0px !important;padding-bottom: 0px !important;}\u00bb][\/vc_column][\/vc_row][vc_row blox_class=\u00bbintro3cols_row\u00bb css=\u00bb.vc_custom_1566587323259{margin-top: 0px !important;margin-bottom: 0px !important;padding-top: 0px !important;padding-bottom: 0px !important;}\u00bb][vc_column width=\u00bb1\/3&#8243;][vc_media_grid element_width=\u00bb12&#8243; grid_id=\u00bbvc_gid:1664744433126-f79bb8ca-46bc-2&#8243; include=\u00bb13663,12825&#8243; el_class=\u00bbintro_leftmgrid\u00bb][\/vc_column][vc_column width=\u00bb1\/3&#8243; css=\u00bb.vc_custom_1589417750870{margin-top: 0px !important;margin-bottom: 0px !important;padding-top: 0px !important;padding-bottom: 0px !important;}\u00bb][vc_column_text css=\u00bb.vc_custom_1664744853848{margin-top: 0px !important;margin-bottom: 0px !important;padding-top: 0px !important;padding-bottom: 0px !important;}\u00bb] Seg\u00fan las ense\u00f1anzas del Ayurveda, todo ser humano tiene cuatro instintos biol\u00f3gicos y espirituales: el religioso, el financiero, el pro-creativo y el instinto hacia la libertad. Una buena salud equilibrada es la base para la realizaci\u00f3n de estos instintos. El Ayurveda ayuda a la persona sana a mantener la salud y a la persona enferma a recuperarla. Es una ciencia de la vida m\u00e9dica-metaf\u00edsica curativa, la madre de todas las artes curativas. La pr\u00e1ctica del Ayurveda est\u00e1 dise\u00f1ada para promover la felicidad humana, la salud y el crecimiento creativo. Veda5 es uno de los retiros de ayurveda, panchakarma y yoga m\u00e1s reputados de la India, donde la naturaleza se une al lujo y al bienestar. Veda5 ofrece desde lujosas habitaciones con las m\u00e1s modernas comodidades hasta caba\u00f1as de barro de alta calidad y cuevas de meditaci\u00f3n para los hu\u00e9spedes que buscan experiencias \u00fanicas. Cumbre del bienestar Veda5 que se celebrar\u00e1 en noviembre de 2022, est\u00e1 meticulosamente repleto de tratamientos de Ayurveda y Naturopat\u00eda, varios tipos de Yoga, Meditaci\u00f3n, Kirtan y Havan (puja de fuego), conferencias y debates basados en el Ayurveda y el Yoga sobre la salud, la cocina, las enfermedades, las lesiones y la gesti\u00f3n del dolor, cenas Ayurveda, bebidas Detox, excursiones espirituales y m\u00e1s actividades para una vida sana y juvenil. [\/vc_column_text][\/vc_column][vc_column width=\u00bb1\/3&#8243;][vc_media_grid element_width=\u00bb12&#8243; grid_id=\u00bbvc_gid:1664744433127-12067439-3e13-5&#8243; include=\u00bb13654,13655&#8243; el_class=\u00bbintro_rightmgrid\u00bb][\/vc_column][\/vc_row][vc_row row_type=\u00bb2&#8243; blox_image=\u00bb12389&#8243; blox_padding_bottom=\u00bb20px\u00bb blox_bgcolor=\u00bb#f2f2f2&#8243;][vc_column][vc_row_inner][vc_column_inner width=\u00bb1\/2&#8243;][vc_media_grid element_width=\u00bb12&#8243; gap=\u00bb0&#8243; grid_id=\u00bbvc_gid:1664744433129-c4b4fce4-9e0e-10&#8243; include=\u00bb15387&#8243;][\/vc_column_inner][vc_column_inner width=\u00bb1\/2&#8243;][vc_media_grid element_width=\u00bb12&#8243; gap=\u00bb0&#8243; grid_id=\u00bbvc_gid:1664744433130-ad117433-7fe2-8&#8243; include=\u00bb15509&#8243;][\/vc_column_inner][\/vc_row_inner][vc_row_inner][vc_column_inner width=\u00bb1\/2&#8243;][vc_media_grid element_width=\u00bb12&#8243; gap=\u00bb0&#8243; grid_id=\u00bbvc_gid:1664744433130-70219f3a-71af-9&#8243; include=\u00bb13327&#8243;][\/vc_column_inner][vc_column_inner width=\u00bb1\/2&#8243;][vc_media_grid element_width=\u00bb12&#8243; gap=\u00bb0&#8243; grid_id=\u00bbvc_gid:1664744433131-8d32ee6e-2d8c-9&#8243; include=\u00bb12828&#8243;][\/vc_column_inner][\/vc_row_inner][\/vc_column][\/vc_row][vc_row&#8230; <\/p>\n<p><a class=\"readmore\" href=\"https:\/\/www.vedafive.com\/es\/bienestar\/\">Continue Reading<\/a><\/p>\n","protected":false},"author":1,"featured_media":0,"parent":0,"menu_order":0,"comment_status":"closed","ping_status":"closed","template":"","meta":{"footnotes":""},"class_list":["post-20181","page","type-page","status-publish","hentry"],"yoast_head":"<!-- This site is optimized with the Yoast SEO plugin v22.1 - https:\/\/yoast.com\/wordpress\/plugins\/seo\/ -->\n<title>Ayurveda, Panchakarma y Yoga en Rishikesh | Mejor retiro de bienestar<\/title>\n<meta name=\"description\" content=\"Veda5 es el mejor retiro de bienestar en Rishikesh, India, con Ayurveda, Panchakarma y Yoga para desintoxicaci\u00f3n, p\u00e9rdida de peso, gesti\u00f3n del estr\u00e9s, antienvejecimiento y vacaciones.\" \/>\n<meta name=\"robots\" content=\"index, follow, max-snippet:-1, max-image-preview:large, max-video-preview:-1\" \/>\n<link rel=\"canonical\" href=\"https:\/\/www.vedafive.com\/es\/bienestar\/\" \/>\n<meta property=\"og:locale\" content=\"es_ES\" \/>\n<meta property=\"og:type\" content=\"article\" \/>\n<meta property=\"og:title\" content=\"Ayurveda, Panchakarma y Yoga en Rishikesh | Mejor retiro de bienestar\" \/>\n<meta property=\"og:description\" content=\"Veda5 es el mejor retiro de bienestar en Rishikesh, India, con Ayurveda, Panchakarma y Yoga para desintoxicaci\u00f3n, p\u00e9rdida de peso, gesti\u00f3n del estr\u00e9s, antienvejecimiento y vacaciones.\" \/>\n<meta property=\"og:url\" content=\"https:\/\/www.vedafive.com\/es\/bienestar\/\" \/>\n<meta property=\"og:site_name\" content=\"Best Ayurveda, Panchakarma &amp; Yoga Wellness Retreats in Rishikesh, Goa &amp; Kerala, India\" \/>\n<meta property=\"article:publisher\" content=\"https:\/\/www.facebook.com\/veda5Wellness\" \/>\n<meta property=\"article:modified_time\" content=\"2022-10-03T13:14:36+00:00\" \/>\n<meta property=\"og:image\" content=\"https:\/\/www.vedafive.com\/wp-content\/uploads\/2019\/07\/Best-Ayurveda-Panchakarma-Yoga-Center-in-Rishikesh-Veda5-Wellness-Luxury-Retreat-Himalayas-India-Drone-View-1.jpg\" \/>\n\t<meta property=\"og:image:width\" content=\"911\" \/>\n\t<meta property=\"og:image:height\" content=\"512\" \/>\n\t<meta property=\"og:image:type\" content=\"image\/jpeg\" \/>\n<meta name=\"twitter:label1\" content=\"Est. reading time\" \/>\n\t<meta name=\"twitter:data1\" content=\"7 minutos\" \/>\n<script type=\"application\/ld+json\" class=\"yoast-schema-graph\">{\"@context\":\"https:\/\/schema.org\",\"@graph\":[{\"@type\":\"WebPage\",\"@id\":\"https:\/\/www.vedafive.com\/es\/bienestar\/\",\"url\":\"https:\/\/www.vedafive.com\/es\/bienestar\/\",\"name\":\"Ayurveda, Panchakarma y Yoga en Rishikesh | Mejor retiro de bienestar\",\"isPartOf\":{\"@id\":\"https:\/\/www.vedafive.com\/es\/#website\"},\"datePublished\":\"2019-09-23T07:56:28+00:00\",\"dateModified\":\"2022-10-03T13:14:36+00:00\",\"description\":\"Veda5 es el mejor retiro de bienestar en Rishikesh, India, con Ayurveda, Panchakarma y Yoga para desintoxicaci\u00f3n, p\u00e9rdida de peso, gesti\u00f3n del estr\u00e9s, antienvejecimiento y vacaciones.\",\"breadcrumb\":{\"@id\":\"https:\/\/www.vedafive.com\/es\/bienestar\/#breadcrumb\"},\"inLanguage\":\"es\",\"potentialAction\":[{\"@type\":\"ReadAction\",\"target\":[\"https:\/\/www.vedafive.com\/es\/bienestar\/\"]}]},{\"@type\":\"BreadcrumbList\",\"@id\":\"https:\/\/www.vedafive.com\/es\/bienestar\/#breadcrumb\",\"itemListElement\":[{\"@type\":\"ListItem\",\"position\":1,\"name\":\"Home\",\"item\":\"https:\/\/www.vedafive.com\/es\/home-16-apr-2024-2-3\/\"},{\"@type\":\"ListItem\",\"position\":2,\"name\":\"Bienestar\"}]},{\"@type\":\"WebSite\",\"@id\":\"https:\/\/www.vedafive.com\/es\/#website\",\"url\":\"https:\/\/www.vedafive.com\/es\/\",\"name\":\"Best Ayurveda, Panchakarma & Yoga Wellness Retreats in Rishikesh, Goa & Kerala, India\",\"description\":\"Top-Rated Wellness Retreat, Resort &amp; Hotel\",\"publisher\":{\"@id\":\"https:\/\/www.vedafive.com\/es\/#organization\"},\"potentialAction\":[{\"@type\":\"SearchAction\",\"target\":{\"@type\":\"EntryPoint\",\"urlTemplate\":\"https:\/\/www.vedafive.com\/es\/?s={search_term_string}\"},\"query-input\":\"required name=search_term_string\"}],\"inLanguage\":\"es\"},{\"@type\":\"Organization\",\"@id\":\"https:\/\/www.vedafive.com\/es\/#organization\",\"name\":\"Best Ayurveda, Panchakarma & Yoga Wellness Retreats in Rishikesh, Goa & Kerala, India\",\"url\":\"https:\/\/www.vedafive.com\/es\/\",\"logo\":{\"@type\":\"ImageObject\",\"inLanguage\":\"es\",\"@id\":\"https:\/\/www.vedafive.com\/es\/#\/schema\/logo\/image\/\",\"url\":\"https:\/\/www.vedafive.com\/wp-content\/uploads\/2022\/02\/Veda5-Wellness-Retreat-Rishikesh-Goa-Kerala-India-Logo-Logo-Website.png\",\"contentUrl\":\"https:\/\/www.vedafive.com\/wp-content\/uploads\/2022\/02\/Veda5-Wellness-Retreat-Rishikesh-Goa-Kerala-India-Logo-Logo-Website.png\",\"width\":227,\"height\":96,\"caption\":\"Best Ayurveda, Panchakarma & Yoga Wellness Retreats in Rishikesh, Goa & Kerala, India\"},\"image\":{\"@id\":\"https:\/\/www.vedafive.com\/es\/#\/schema\/logo\/image\/\"},\"sameAs\":[\"https:\/\/www.facebook.com\/veda5Wellness\",\"https:\/\/www.instagram.com\/veda5wellness\/\"]}]}<\/script>\n<!-- \/ Yoast SEO plugin. -->","yoast_head_json":{"title":"Ayurveda, Panchakarma y Yoga en Rishikesh | Mejor retiro de bienestar","description":"Veda5 es el mejor retiro de bienestar en Rishikesh, India, con Ayurveda, Panchakarma y Yoga para desintoxicaci\u00f3n, p\u00e9rdida de peso, gesti\u00f3n del estr\u00e9s, antienvejecimiento y vacaciones.","robots":{"index":"index","follow":"follow","max-snippet":"max-snippet:-1","max-image-preview":"max-image-preview:large","max-video-preview":"max-video-preview:-1"},"canonical":"https:\/\/www.vedafive.com\/es\/bienestar\/","og_locale":"es_ES","og_type":"article","og_title":"Ayurveda, Panchakarma y Yoga en Rishikesh | Mejor retiro de bienestar","og_description":"Veda5 es el mejor retiro de bienestar en Rishikesh, India, con Ayurveda, Panchakarma y Yoga para desintoxicaci\u00f3n, p\u00e9rdida de peso, gesti\u00f3n del estr\u00e9s, antienvejecimiento y vacaciones.","og_url":"https:\/\/www.vedafive.com\/es\/bienestar\/","og_site_name":"Best Ayurveda, Panchakarma &amp; Yoga Wellness Retreats in Rishikesh, Goa &amp; Kerala, India","article_publisher":"https:\/\/www.facebook.com\/veda5Wellness","article_modified_time":"2022-10-03T13:14:36+00:00","og_image":[{"width":911,"height":512,"url":"https:\/\/www.vedafive.com\/wp-content\/uploads\/2019\/07\/Best-Ayurveda-Panchakarma-Yoga-Center-in-Rishikesh-Veda5-Wellness-Luxury-Retreat-Himalayas-India-Drone-View-1.jpg","type":"image\/jpeg"}],"twitter_misc":{"Est. reading time":"7 minutos"},"schema":{"@context":"https:\/\/schema.org","@graph":[{"@type":"WebPage","@id":"https:\/\/www.vedafive.com\/es\/bienestar\/","url":"https:\/\/www.vedafive.com\/es\/bienestar\/","name":"Ayurveda, Panchakarma y Yoga en Rishikesh | Mejor retiro de bienestar","isPartOf":{"@id":"https:\/\/www.vedafive.com\/es\/#website"},"datePublished":"2019-09-23T07:56:28+00:00","dateModified":"2022-10-03T13:14:36+00:00","description":"Veda5 es el mejor retiro de bienestar en Rishikesh, India, con Ayurveda, Panchakarma y Yoga para desintoxicaci\u00f3n, p\u00e9rdida de peso, gesti\u00f3n del estr\u00e9s, antienvejecimiento y vacaciones.","breadcrumb":{"@id":"https:\/\/www.vedafive.com\/es\/bienestar\/#breadcrumb"},"inLanguage":"es","potentialAction":[{"@type":"ReadAction","target":["https:\/\/www.vedafive.com\/es\/bienestar\/"]}]},{"@type":"BreadcrumbList","@id":"https:\/\/www.vedafive.com\/es\/bienestar\/#breadcrumb","itemListElement":[{"@type":"ListItem","position":1,"name":"Home","item":"https:\/\/www.vedafive.com\/es\/home-16-apr-2024-2-3\/"},{"@type":"ListItem","position":2,"name":"Bienestar"}]},{"@type":"WebSite","@id":"https:\/\/www.vedafive.com\/es\/#website","url":"https:\/\/www.vedafive.com\/es\/","name":"Best Ayurveda, Panchakarma & Yoga Wellness Retreats in Rishikesh, Goa & Kerala, India","description":"Top-Rated Wellness Retreat, Resort &amp; Hotel","publisher":{"@id":"https:\/\/www.vedafive.com\/es\/#organization"},"potentialAction":[{"@type":"SearchAction","target":{"@type":"EntryPoint","urlTemplate":"https:\/\/www.vedafive.com\/es\/?s={search_term_string}"},"query-input":"required name=search_term_string"}],"inLanguage":"es"},{"@type":"Organization","@id":"https:\/\/www.vedafive.com\/es\/#organization","name":"Best Ayurveda, Panchakarma & Yoga Wellness Retreats in Rishikesh, Goa & Kerala, India","url":"https:\/\/www.vedafive.com\/es\/","logo":{"@type":"ImageObject","inLanguage":"es","@id":"https:\/\/www.vedafive.com\/es\/#\/schema\/logo\/image\/","url":"https:\/\/www.vedafive.com\/wp-content\/uploads\/2022\/02\/Veda5-Wellness-Retreat-Rishikesh-Goa-Kerala-India-Logo-Logo-Website.png","contentUrl":"https:\/\/www.vedafive.com\/wp-content\/uploads\/2022\/02\/Veda5-Wellness-Retreat-Rishikesh-Goa-Kerala-India-Logo-Logo-Website.png","width":227,"height":96,"caption":"Best Ayurveda, Panchakarma & Yoga Wellness Retreats in Rishikesh, Goa & Kerala, India"},"image":{"@id":"https:\/\/www.vedafive.com\/es\/#\/schema\/logo\/image\/"},"sameAs":["https:\/\/www.facebook.com\/veda5Wellness","https:\/\/www.instagram.com\/veda5wellness\/"]}]}},"_links":{"self":[{"href":"https:\/\/www.vedafive.com\/es\/wp-json\/wp\/v2\/pages\/20181","targetHints":{"allow":["GET"]}}],"collection":[{"href":"https:\/\/www.vedafive.com\/es\/wp-json\/wp\/v2\/pages"}],"about":[{"href":"https:\/\/www.vedafive.com\/es\/wp-json\/wp\/v2\/types\/page"}],"author":[{"embeddable":true,"href":"https:\/\/www.vedafive.com\/es\/wp-json\/wp\/v2\/users\/1"}],"replies":[{"embeddable":true,"href":"https:\/\/www.vedafive.com\/es\/wp-json\/wp\/v2\/comments?post=20181"}],"version-history":[{"count":0,"href":"https:\/\/www.vedafive.com\/es\/wp-json\/wp\/v2\/pages\/20181\/revisions"}],"wp:attachment":[{"href":"https:\/\/www.vedafive.com\/es\/wp-json\/wp\/v2\/media?parent=20181"}],"curies":[{"name":"wp","href":"https:\/\/api.w.org\/{rel}","templated":true}]}}