{"id":20459,"date":"2022-02-10T18:37:06","date_gmt":"2022-02-10T13:07:06","guid":{"rendered":"https:\/\/www.vedafive.com\/paquete-panchakarma-el-mejor-retiro-en-kerala-india-veda5\/"},"modified":"2023-02-25T01:08:15","modified_gmt":"2023-02-24T19:38:15","slug":"paquete-panchakarma-el-mejor-retiro-en-kerala-india-veda5","status":"publish","type":"page","link":"https:\/\/www.vedafive.com\/es\/paquete-panchakarma-el-mejor-retiro-en-kerala-india-veda5\/","title":{"rendered":"Paquete Panchakarma &#8211; El mejor retiro en Kerala, India &#8211; Veda5"},"content":{"rendered":"<section class=\"wpb-content-wrapper\">[vc_row blox_class=\u00bbhm_topvid_row\u00bb][vc_column][vc_video link=\u00bbhttps:\/\/www.youtube.com\/watch?v=2F3gI_KBWAY\u00bb align=\u00bbcenter\u00bb][\/vc_column][\/vc_row][vc_row css=\u00bb.vc_custom_1580102054503{margin-top: 25px !important;margin-bottom: 10px !important;padding-top: 0px !important;padding-bottom: 0px !important;}\u00bb][vc_column css=\u00bb.vc_custom_1580102012278{margin-top: 0px !important;margin-bottom: 0px !important;padding-top: 0px !important;padding-bottom: 0px !important;}\u00bb]<h1 class=\"big-title1 aligncenter\">Retiro Panchakarma en Kerala, India<\/h1><article class=\"title-plus-text type-2 center \" style=\"text-align:center\" ><h3>Los mejores tratamientos y retiros Panchakarma en Kerala<\/h3><h2>Paquetes Veda5<\/h2><\/article>[\/vc_column][\/vc_row][vc_row row_type=\u00bb2&#8243; blox_image=\u00bb12372&#8243; blox_class=\u00bbgtitle_row\u00bb][vc_column]<article class=\"title-plus-text type-2 center \" style=\"text-align:center\" ><h3>Desintoxicaci\u00f3n definitiva de la mente y el cuerpo<\/h3><h2>Paquete Panchakarma<\/h2><\/article><hr class=\"vertical-space2\">[vc_row_inner][vc_column_inner width=\u00bb1\/2&#8243;]\n\t<div class=\"subtitle-element subtitle-element1\">\n\t\t<h4 style=\"color: #f27439;\">Descripci\u00f3n<\/h4>\n\t<\/div>[vc_column_text]\n<p style=\"text-align: justify;\">Veda5 Ayurveda Living Village es el mejor retiro Panchakarma en Kerala, India. Panchakarma, la terapia ayurv\u00e9dica integral para la limpieza definitiva de la mente y el cuerpo, incluye cinco tipos de medidas terap\u00e9uticas ayurv\u00e9dicas para desintoxicar el cuerpo y eliminar con \u00e9xito los elementos t\u00f3xicos causantes de enfermedades. El Ayurveda recomienda encarecidamente la purificaci\u00f3n y desintoxicaci\u00f3n del cuerpo antes de comenzar una terapia o un tratamiento. Adem\u00e1s de la desintoxicaci\u00f3n ayurv\u00e9dica, el Panchakarma tambi\u00e9n se recomienda para fortalecer el sistema inmunol\u00f3gico del cuerpo con el fin de restablecer el equilibrio y el bienestar general.<\/p>\n<p style=\"text-align: justify;\">El ayurveda se ocupa de ocho ramas principales de la medicina: pediatr\u00eda, ginecolog\u00eda, obstetricia, oftalmolog\u00eda, geriatr\u00eda, otorrinolaringolog\u00eda (o\u00eddo, nariz y garganta), medicina general y cirug\u00eda. Cada una de estas especialidades m\u00e9dicas se aborda seg\u00fan las teor\u00edas de los cinco elementos (\u00c9ter, Aire, Fuego, Agua, Tierra): el tridosha, o tres humores corporales: los siete dhatus, o tejidos corporales; tres maias (orina, heces, sudor): y la trinidad de la vida: cuerpo, mente y conciencia espiritual.<\/p>\n[\/vc_column_text]<hr class=\"vertical-space1\">[vc_toggle title=\u00bbEl Panchakarma comprende cinco conjuntos de procedimientos de tratamiento ayurv\u00e9dico:\u00bb style=\u00bbarrow\u00bb color=\u00bbgreen\u00bb]\n<p style=\"text-align: justify;\"><strong>Paso 1 &#8211; Vamana (tratamiento de emesis)<\/strong> Vamana es una terapia de emesis medicada que elimina las toxinas Kapha acumuladas en el cuerpo y en el tracto respiratorio. Se da a las personas con alto desequilibrio Kapha. El tratamiento diario consiste en aflojar y movilizar las toxinas en un esfuerzo por eliminarlas finalmente. El tratamiento Vamana puede durar de 3 a 7 d\u00edas.<\/p>\n<p style=\"text-align: justify;\"><strong>Paso 2 &#8211; Virechana (tratamiento purgativo<\/strong> ) Virechana es una terapia de purgaci\u00f3n medicada que elimina las toxinas Pitta del cuerpo que se acumulan en el h\u00edgado y la ves\u00edcula biliar. Limpia completamente el tracto gastrointestinal. Es un procedimiento seguro y sin efectos secundarios. El tratamiento Virechana puede durar de 3 a 7 d\u00edas.<\/p>\n<p style=\"text-align: justify;\"><strong>Paso 3 \/ 4 &#8211; Basti (Enema<\/strong> ) El Basti es considerado como la madre de todos los tratamientos Panchakarma. Limpia las toxinas acumuladas de los 3 doshas : Vata, Pitta y Kapha, a trav\u00e9s del colon. El basti tambi\u00e9n es muy beneficioso como tratamiento rejuvenecedor.<\/p>\n<p style=\"text-align: justify;\"><strong>Paso 5 &#8211; Nasya<\/strong> El tratamiento Nasya consiste en la administraci\u00f3n de aceite o polvo medicinal a trav\u00e9s de la nariz para limpiar las toxinas Kapha acumuladas en la regi\u00f3n de la cabeza y el cuello. En funci\u00f3n del estado de salud de la persona, puede concederse hasta 30 d\u00edas. Suele recetarse para enfermedades de o\u00eddo, nariz, garganta, dolor de cabeza, etc.<\/p>\n[\/vc_toggle][vc_toggle title=\u00bbLos principios de oleaci\u00f3n y fermentaci\u00f3n se aplican a trav\u00e9s de las terapias ayurv\u00e9dicas:\u00bb style=\u00bbarrow\u00bb color=\u00bbgreen\u00bb]\n<p style=\"text-align: justify;\"><strong>Abhyanga<\/strong> Se trata de un masaje con aceite de hierbas preparado individualmente y dise\u00f1ado para penetrar profundamente en la piel, relajar la mente y el cuerpo, eliminar las impurezas y estimular la circulaci\u00f3n arterial y linf\u00e1tica.<\/p>\n<p style=\"text-align: justify;\"><strong>Shirodhara<\/strong> Se administra vertiendo suave y met\u00f3dicamente aceite caliente a base de hierbas sobre la frente, sincronizando las ondas cerebrales y coordinando y calmando profundamente la mente, el cuerpo y el esp\u00edritu.<\/p>\n<p style=\"text-align: justify;\"><strong>Garshana<\/strong> Consiste en un cepillado de la piel en seco con un guante de lana o de seda. Esto mejora la circulaci\u00f3n y limpia la piel para que los tratamientos posteriores con aceites y hierbas puedan penetrar profundamente en los poros reci\u00e9n limpiados de la piel.<\/p>\n<p style=\"text-align: justify;\"><strong>Swedana<\/strong> Se trata de un ba\u00f1o de vapor individualizado con hierbas, durante el cual la cabeza y el coraz\u00f3n se mantienen fr\u00edos mientras el cuerpo se calienta para eliminar las toxinas mentales, emocionales y f\u00edsicas alojadas profundamente en los tejidos.<\/p>\n<p style=\"text-align: justify;\"><strong>Pizichil<\/strong> Se trata de un chorro continuo de aceite caliente a base de hierbas que dos terapeutas ayurv\u00e9dicos vierten suavemente sobre el cuerpo mientras lo masajean al un\u00edsono. El calor del aceite y la sincronizaci\u00f3n del masaje se combinan para una limpieza profunda de los tejidos.<\/p>\n<p style=\"text-align: justify;\"><strong>Udvartana<\/strong> Es un masaje linf\u00e1tico de pasta de hierbas que penetra profundamente. Este potente tratamiento exfoliante restablece m\u00e1gicamente su luminosidad natural y acondiciona la piel a la vez que presiona las toxinas linf\u00e1ticas estancadas fuera del cuerpo.<\/p>\n<p style=\"text-align: justify;\"><strong>Masaje Potli<\/strong> Este masaje se realiza con bolsas especiales que contienen hierbas medicinales u otros elementos nutritivos. Las bolsas se calientan en aceite caliente durante unos minutos y luego se utilizan para masajear el cuerpo. Es un gran masaje para aliviar el dolor, reducir el estr\u00e9s f\u00edsico y mental.<\/p>\n<p style=\"text-align: justify;\"><strong>Pinda Swedana<\/strong> Se trata de un tratamiento de limpieza profunda en el que el arroz hervido en leche y hierbas se masajea profundamente en los tejidos y las articulaciones.<\/p>\n[\/vc_toggle][vc_toggle title=\u00bbEl panchakarma puede aportar beneficios ilimitados al individuo. Ayuda en,\u00bb style=\u00bbarrow\u00bb color=\u00bbgreen\u00bb]\n<p style=\"text-align: left;\">\u25aa Apertura de canales bloqueados \u25aa Limpieza completa del organismo \u25aa Eliminaci\u00f3n de toxinas \u25aa Potenciaci\u00f3n de la inmunidad<\/p>\n<p style=\"text-align: left;\">\u25aa Mejorar la fuerza del fuego digestivo \u25aa Acelerar el metabolismo \u25aa Reducir el peso<\/p>\n<p style=\"text-align: left;\">\u25aa Rejuvenecimiento de los tejidos \u25aa Relajaci\u00f3n de la mente \u25aa Alivio del estr\u00e9s<\/p>\n[\/vc_toggle][vc_media_grid grid_id=\u00bbvc_gid:1677267378419-132021a8-8b3e-10&#8243; include=\u00bb16657,16586,16732&#8243; el_class=\u00bbcustom-thres-img\u00bb]<hr class=\"vertical-space1\">[vc_column_text]* Los horarios y los temas pueden variar y se muestran en el retiro cada ma\u00f1ana.[\/vc_column_text]<hr class=\"vertical-space1\">[\/vc_column_inner][vc_column_inner width=\u00bb1\/2&#8243;]<div id=\"highlight-box-wrap-7434\"  data-ultimate-target='#highlight-box-wrap-7434'  data-responsive-json-new='{\"font-size\":\"desktop:32px;\",\"line-height\":\"\"}'  class=\"ultimate-call-to-action ult-adjust-bottom-margin  ctaction-text-center ult-responsive\" style=\"font-weight:normal;color:#ffffff;background:#f27439;padding-top:20px;padding-bottom:20px;\"  data-background=\"#f27439\"  data-background-hover=\"#f27439\"  data-override=\"0\" ><div class=\"uvc-ctaction-data uvc-ctaction-data-no-effect ult-responsive\">La estancia m\u00ednima es de 11 noches<\/div><\/div>\n\t<div class=\"subtitle-element subtitle-element1\">\n\t\t<h4 style=\"color: #f27439;\">Tarifas por noche (en INR)<\/h4>\n\t<\/div>[vc_column_text]        <div id=\"footable_parent_10977\" class=\"footable_parent wp_table_data_press_parent bootstrap3 \">\n                                                <table data-footable_id=\"10977\" id=\"footable_10977\" class=\" foo-table ninja_footable foo_table_10977 table \"><\/table>        <\/div>\n        [\/vc_column_text][vc_column_text]\n<p style=\"font-size: 12px !important;\">*IVA adicional seg\u00fan corresponda<\/p>\n[\/vc_column_text]<hr class=\"vertical-space1\">\n\t<div class=\"subtitle-element subtitle-element1\">\n\t\t<h4 style=\"color: #f27439;\">Incluye<\/h4>\n\t<\/div><p class=\"\"><ul class=\"check\" >\n<li class=\"\">Estancia en una habitaci\u00f3n bien equipada<\/li>\n<li class=\"\">Comidas prescritas por Veda5 Panchakarma (desayuno, almuerzo, cena + t\u00e9 de la tarde)<\/li>\n<li class=\"\">Consulta m\u00e9dica ayurv\u00e9dica y tratamientos diarios de Panchakarma seg\u00fan prescripci\u00f3n<\/li>\n<li class=\"\">Medicamentos ayurv\u00e9dicos durante la estancia<\/li>\n<li class=\"\">Clase matutina de Pranayama y Yoga<\/li>\n<li class=\"\"> Sesi\u00f3n de meditaci\u00f3n nocturna<\/li>\n<\/ul><\/p><div class=\" ubtn-ctn-center \"><a class=\"ubtn-link ult-adjust-bottom-margin ubtn-center ubtn-normal \" href=\"\/es\/submit-your-booking-requirements-at-veda5\/\" title=\"Contact\" ><button type=\"button\" id=\"ubtn-2481\"  class=\"ubtn ult-adjust-bottom-margin ult-responsive ubtn-normal ubtn-no-hover-bg  ulta-grow  ubtn-center   tooltip-6a08f63fba884\"  data-hover=\"\" data-border-color=\"\" data-bg=\"#3d9404\" data-hover-bg=\"#f27439\" data-border-hover=\"\" data-shadow-hover=\"\" data-shadow-click=\"none\" data-shadow=\"\" data-shd-shadow=\"\"  data-ultimate-target='#ubtn-2481'  data-responsive-json-new='{\"font-size\":\"\",\"line-height\":\"\"}'  style=\"font-weight:normal;border:none;background: #3d9404;color: #ffffff;\"><span class=\"ubtn-hover\" style=\"background-color:#f27439\"><\/span><span class=\"ubtn-data ubtn-text \" >Contactar para obtener las mejores tarifas<\/span><\/button><\/a><\/div>[\/vc_column_inner][\/vc_row_inner]<hr class=\"vertical-space1\">[\/vc_column][\/vc_row]\n<\/section>","protected":false},"excerpt":{"rendered":"<p>[vc_row blox_class=\u00bbhm_topvid_row\u00bb][vc_column][vc_video link=\u00bbhttps:\/\/www.youtube.com\/watch?v=2F3gI_KBWAY\u00bb align=\u00bbcenter\u00bb][\/vc_column][\/vc_row][vc_row css=\u00bb.vc_custom_1580102054503{margin-top: 25px !important;margin-bottom: 10px !important;padding-top: 0px !important;padding-bottom: 0px !important;}\u00bb][vc_column css=\u00bb.vc_custom_1580102012278{margin-top: 0px !important;margin-bottom: 0px !important;padding-top: 0px !important;padding-bottom: 0px !important;}\u00bb][\/vc_column][\/vc_row][vc_row row_type=\u00bb2&#8243; blox_image=\u00bb12372&#8243; blox_class=\u00bbgtitle_row\u00bb][vc_column][vc_row_inner][vc_column_inner width=\u00bb1\/2&#8243;][vc_column_text] Veda5 Ayurveda Living Village es el mejor retiro Panchakarma en Kerala, India. Panchakarma, la terapia ayurv\u00e9dica integral para la limpieza definitiva de la mente y el cuerpo, incluye cinco tipos de medidas terap\u00e9uticas ayurv\u00e9dicas para desintoxicar el cuerpo y eliminar con \u00e9xito los elementos t\u00f3xicos causantes de enfermedades. El Ayurveda recomienda encarecidamente la purificaci\u00f3n y desintoxicaci\u00f3n del cuerpo antes de comenzar una terapia o un tratamiento. Adem\u00e1s de la desintoxicaci\u00f3n ayurv\u00e9dica, el Panchakarma tambi\u00e9n se recomienda para fortalecer el sistema inmunol\u00f3gico del cuerpo con el fin de restablecer el equilibrio y el bienestar general. El ayurveda se ocupa de ocho ramas principales de la medicina: pediatr\u00eda, ginecolog\u00eda, obstetricia, oftalmolog\u00eda, geriatr\u00eda, otorrinolaringolog\u00eda (o\u00eddo, nariz y garganta), medicina general y cirug\u00eda. Cada una de estas especialidades m\u00e9dicas se aborda seg\u00fan las teor\u00edas de los cinco elementos (\u00c9ter, Aire, Fuego, Agua, Tierra): el tridosha, o tres humores corporales: los siete dhatus, o tejidos corporales; tres maias (orina, heces, sudor): y la trinidad de la vida: cuerpo, mente y conciencia espiritual. [\/vc_column_text][vc_toggle title=\u00bbEl Panchakarma comprende cinco conjuntos de procedimientos de tratamiento ayurv\u00e9dico:\u00bb style=\u00bbarrow\u00bb color=\u00bbgreen\u00bb] Paso 1 &#8211; Vamana (tratamiento de emesis) Vamana es una terapia de emesis medicada que elimina las toxinas Kapha acumuladas en el cuerpo y en el tracto respiratorio. Se da a las personas con alto desequilibrio Kapha. El tratamiento diario consiste en aflojar y movilizar las toxinas en un esfuerzo por eliminarlas finalmente. El tratamiento Vamana puede durar de 3 a 7 d\u00edas. Paso 2 &#8211; Virechana (tratamiento purgativo ) Virechana es una terapia de purgaci\u00f3n medicada que elimina las toxinas Pitta del cuerpo que se acumulan en el h\u00edgado y la ves\u00edcula biliar&#8230;. <\/p>\n<p><a class=\"readmore\" href=\"https:\/\/www.vedafive.com\/es\/paquete-panchakarma-el-mejor-retiro-en-kerala-india-veda5\/\">Continue Reading<\/a><\/p>\n","protected":false},"author":1,"featured_media":19889,"parent":0,"menu_order":0,"comment_status":"closed","ping_status":"closed","template":"","meta":{"footnotes":""},"class_list":["post-20459","page","type-page","status-publish","has-post-thumbnail","hentry"],"yoast_head":"<!-- This site is optimized with the Yoast SEO plugin v22.1 - https:\/\/yoast.com\/wordpress\/plugins\/seo\/ -->\n<title>Paquete Panchakarma en Veda5, el mejor retiro en Kerala, India<\/title>\n<meta name=\"description\" content=\"Curaci\u00f3n de la ansiedad, la depresi\u00f3n y el duelo - La v\u00eda y\u00f3guica. Programa de 7 d\u00edas para problemas de salud mental en Veda5 el mejor retiro de Ayurveda y Yoga en Kerala, India.\" \/>\n<meta name=\"robots\" content=\"index, follow, max-snippet:-1, max-image-preview:large, max-video-preview:-1\" \/>\n<link rel=\"canonical\" href=\"https:\/\/www.vedafive.com\/es\/paquete-panchakarma-el-mejor-retiro-en-kerala-india-veda5\/\" \/>\n<meta property=\"og:locale\" content=\"es_ES\" \/>\n<meta property=\"og:type\" content=\"article\" \/>\n<meta property=\"og:title\" content=\"Paquete Panchakarma en Veda5, el mejor retiro en Kerala, India\" \/>\n<meta property=\"og:description\" content=\"Curaci\u00f3n de la ansiedad, la depresi\u00f3n y el duelo - La v\u00eda y\u00f3guica. Programa de 7 d\u00edas para problemas de salud mental en Veda5 el mejor retiro de Ayurveda y Yoga en Kerala, India.\" \/>\n<meta property=\"og:url\" content=\"https:\/\/www.vedafive.com\/es\/paquete-panchakarma-el-mejor-retiro-en-kerala-india-veda5\/\" \/>\n<meta property=\"og:site_name\" content=\"Best Ayurveda, Panchakarma &amp; Yoga Wellness Retreats in Rishikesh, Goa &amp; Kerala, India\" \/>\n<meta property=\"article:publisher\" content=\"https:\/\/www.facebook.com\/veda5Wellness\" \/>\n<meta property=\"article:modified_time\" content=\"2023-02-24T19:38:15+00:00\" \/>\n<meta property=\"og:image\" content=\"https:\/\/www.vedafive.com\/wp-content\/uploads\/2022\/02\/Best-Retreat-in-Thrissur-Kerala-Veda5-Ayurveda-Yoga-Meditation-Wellness.jpg\" \/>\n\t<meta property=\"og:image:width\" content=\"1225\" \/>\n\t<meta property=\"og:image:height\" content=\"919\" \/>\n\t<meta property=\"og:image:type\" content=\"image\/jpeg\" \/>\n<meta name=\"twitter:label1\" content=\"Est. reading time\" \/>\n\t<meta name=\"twitter:data1\" content=\"6 minutos\" \/>\n<script type=\"application\/ld+json\" class=\"yoast-schema-graph\">{\"@context\":\"https:\/\/schema.org\",\"@graph\":[{\"@type\":\"WebPage\",\"@id\":\"https:\/\/www.vedafive.com\/es\/paquete-panchakarma-el-mejor-retiro-en-kerala-india-veda5\/\",\"url\":\"https:\/\/www.vedafive.com\/es\/paquete-panchakarma-el-mejor-retiro-en-kerala-india-veda5\/\",\"name\":\"Paquete Panchakarma en Veda5, el mejor retiro en Kerala, India\",\"isPartOf\":{\"@id\":\"https:\/\/www.vedafive.com\/es\/#website\"},\"datePublished\":\"2022-02-10T13:07:06+00:00\",\"dateModified\":\"2023-02-24T19:38:15+00:00\",\"description\":\"Curaci\u00f3n de la ansiedad, la depresi\u00f3n y el duelo - La v\u00eda y\u00f3guica. Programa de 7 d\u00edas para problemas de salud mental en Veda5 el mejor retiro de Ayurveda y Yoga en Kerala, India.\",\"breadcrumb\":{\"@id\":\"https:\/\/www.vedafive.com\/es\/paquete-panchakarma-el-mejor-retiro-en-kerala-india-veda5\/#breadcrumb\"},\"inLanguage\":\"es\",\"potentialAction\":[{\"@type\":\"ReadAction\",\"target\":[\"https:\/\/www.vedafive.com\/es\/paquete-panchakarma-el-mejor-retiro-en-kerala-india-veda5\/\"]}]},{\"@type\":\"BreadcrumbList\",\"@id\":\"https:\/\/www.vedafive.com\/es\/paquete-panchakarma-el-mejor-retiro-en-kerala-india-veda5\/#breadcrumb\",\"itemListElement\":[{\"@type\":\"ListItem\",\"position\":1,\"name\":\"Home\",\"item\":\"https:\/\/www.vedafive.com\/es\/home-16-apr-2024-2-3\/\"},{\"@type\":\"ListItem\",\"position\":2,\"name\":\"Paquete Panchakarma &#8211; El mejor retiro en Kerala, India &#8211; Veda5\"}]},{\"@type\":\"WebSite\",\"@id\":\"https:\/\/www.vedafive.com\/es\/#website\",\"url\":\"https:\/\/www.vedafive.com\/es\/\",\"name\":\"Best Ayurveda, Panchakarma & Yoga Wellness Retreats in Rishikesh, Goa & Kerala, India\",\"description\":\"Top-Rated Wellness Retreat, Resort &amp; Hotel\",\"publisher\":{\"@id\":\"https:\/\/www.vedafive.com\/es\/#organization\"},\"potentialAction\":[{\"@type\":\"SearchAction\",\"target\":{\"@type\":\"EntryPoint\",\"urlTemplate\":\"https:\/\/www.vedafive.com\/es\/?s={search_term_string}\"},\"query-input\":\"required name=search_term_string\"}],\"inLanguage\":\"es\"},{\"@type\":\"Organization\",\"@id\":\"https:\/\/www.vedafive.com\/es\/#organization\",\"name\":\"Best Ayurveda, Panchakarma & Yoga Wellness Retreats in Rishikesh, Goa & Kerala, India\",\"url\":\"https:\/\/www.vedafive.com\/es\/\",\"logo\":{\"@type\":\"ImageObject\",\"inLanguage\":\"es\",\"@id\":\"https:\/\/www.vedafive.com\/es\/#\/schema\/logo\/image\/\",\"url\":\"https:\/\/www.vedafive.com\/wp-content\/uploads\/2022\/02\/Veda5-Wellness-Retreat-Rishikesh-Goa-Kerala-India-Logo-Logo-Website.png\",\"contentUrl\":\"https:\/\/www.vedafive.com\/wp-content\/uploads\/2022\/02\/Veda5-Wellness-Retreat-Rishikesh-Goa-Kerala-India-Logo-Logo-Website.png\",\"width\":227,\"height\":96,\"caption\":\"Best Ayurveda, Panchakarma & Yoga Wellness Retreats in Rishikesh, Goa & Kerala, India\"},\"image\":{\"@id\":\"https:\/\/www.vedafive.com\/es\/#\/schema\/logo\/image\/\"},\"sameAs\":[\"https:\/\/www.facebook.com\/veda5Wellness\",\"https:\/\/www.instagram.com\/veda5wellness\/\"]}]}<\/script>\n<!-- \/ Yoast SEO plugin. -->","yoast_head_json":{"title":"Paquete Panchakarma en Veda5, el mejor retiro en Kerala, India","description":"Curaci\u00f3n de la ansiedad, la depresi\u00f3n y el duelo - La v\u00eda y\u00f3guica. Programa de 7 d\u00edas para problemas de salud mental en Veda5 el mejor retiro de Ayurveda y Yoga en Kerala, India.","robots":{"index":"index","follow":"follow","max-snippet":"max-snippet:-1","max-image-preview":"max-image-preview:large","max-video-preview":"max-video-preview:-1"},"canonical":"https:\/\/www.vedafive.com\/es\/paquete-panchakarma-el-mejor-retiro-en-kerala-india-veda5\/","og_locale":"es_ES","og_type":"article","og_title":"Paquete Panchakarma en Veda5, el mejor retiro en Kerala, India","og_description":"Curaci\u00f3n de la ansiedad, la depresi\u00f3n y el duelo - La v\u00eda y\u00f3guica. Programa de 7 d\u00edas para problemas de salud mental en Veda5 el mejor retiro de Ayurveda y Yoga en Kerala, India.","og_url":"https:\/\/www.vedafive.com\/es\/paquete-panchakarma-el-mejor-retiro-en-kerala-india-veda5\/","og_site_name":"Best Ayurveda, Panchakarma &amp; Yoga Wellness Retreats in Rishikesh, Goa &amp; Kerala, India","article_publisher":"https:\/\/www.facebook.com\/veda5Wellness","article_modified_time":"2023-02-24T19:38:15+00:00","og_image":[{"width":1225,"height":919,"url":"https:\/\/www.vedafive.com\/wp-content\/uploads\/2022\/02\/Best-Retreat-in-Thrissur-Kerala-Veda5-Ayurveda-Yoga-Meditation-Wellness.jpg","type":"image\/jpeg"}],"twitter_misc":{"Est. reading time":"6 minutos"},"schema":{"@context":"https:\/\/schema.org","@graph":[{"@type":"WebPage","@id":"https:\/\/www.vedafive.com\/es\/paquete-panchakarma-el-mejor-retiro-en-kerala-india-veda5\/","url":"https:\/\/www.vedafive.com\/es\/paquete-panchakarma-el-mejor-retiro-en-kerala-india-veda5\/","name":"Paquete Panchakarma en Veda5, el mejor retiro en Kerala, India","isPartOf":{"@id":"https:\/\/www.vedafive.com\/es\/#website"},"datePublished":"2022-02-10T13:07:06+00:00","dateModified":"2023-02-24T19:38:15+00:00","description":"Curaci\u00f3n de la ansiedad, la depresi\u00f3n y el duelo - La v\u00eda y\u00f3guica. Programa de 7 d\u00edas para problemas de salud mental en Veda5 el mejor retiro de Ayurveda y Yoga en Kerala, India.","breadcrumb":{"@id":"https:\/\/www.vedafive.com\/es\/paquete-panchakarma-el-mejor-retiro-en-kerala-india-veda5\/#breadcrumb"},"inLanguage":"es","potentialAction":[{"@type":"ReadAction","target":["https:\/\/www.vedafive.com\/es\/paquete-panchakarma-el-mejor-retiro-en-kerala-india-veda5\/"]}]},{"@type":"BreadcrumbList","@id":"https:\/\/www.vedafive.com\/es\/paquete-panchakarma-el-mejor-retiro-en-kerala-india-veda5\/#breadcrumb","itemListElement":[{"@type":"ListItem","position":1,"name":"Home","item":"https:\/\/www.vedafive.com\/es\/home-16-apr-2024-2-3\/"},{"@type":"ListItem","position":2,"name":"Paquete Panchakarma &#8211; El mejor retiro en Kerala, India &#8211; Veda5"}]},{"@type":"WebSite","@id":"https:\/\/www.vedafive.com\/es\/#website","url":"https:\/\/www.vedafive.com\/es\/","name":"Best Ayurveda, Panchakarma & Yoga Wellness Retreats in Rishikesh, Goa & Kerala, India","description":"Top-Rated Wellness Retreat, Resort &amp; Hotel","publisher":{"@id":"https:\/\/www.vedafive.com\/es\/#organization"},"potentialAction":[{"@type":"SearchAction","target":{"@type":"EntryPoint","urlTemplate":"https:\/\/www.vedafive.com\/es\/?s={search_term_string}"},"query-input":"required name=search_term_string"}],"inLanguage":"es"},{"@type":"Organization","@id":"https:\/\/www.vedafive.com\/es\/#organization","name":"Best Ayurveda, Panchakarma & Yoga Wellness Retreats in Rishikesh, Goa & Kerala, India","url":"https:\/\/www.vedafive.com\/es\/","logo":{"@type":"ImageObject","inLanguage":"es","@id":"https:\/\/www.vedafive.com\/es\/#\/schema\/logo\/image\/","url":"https:\/\/www.vedafive.com\/wp-content\/uploads\/2022\/02\/Veda5-Wellness-Retreat-Rishikesh-Goa-Kerala-India-Logo-Logo-Website.png","contentUrl":"https:\/\/www.vedafive.com\/wp-content\/uploads\/2022\/02\/Veda5-Wellness-Retreat-Rishikesh-Goa-Kerala-India-Logo-Logo-Website.png","width":227,"height":96,"caption":"Best Ayurveda, Panchakarma & Yoga Wellness Retreats in Rishikesh, Goa & Kerala, India"},"image":{"@id":"https:\/\/www.vedafive.com\/es\/#\/schema\/logo\/image\/"},"sameAs":["https:\/\/www.facebook.com\/veda5Wellness","https:\/\/www.instagram.com\/veda5wellness\/"]}]}},"_links":{"self":[{"href":"https:\/\/www.vedafive.com\/es\/wp-json\/wp\/v2\/pages\/20459","targetHints":{"allow":["GET"]}}],"collection":[{"href":"https:\/\/www.vedafive.com\/es\/wp-json\/wp\/v2\/pages"}],"about":[{"href":"https:\/\/www.vedafive.com\/es\/wp-json\/wp\/v2\/types\/page"}],"author":[{"embeddable":true,"href":"https:\/\/www.vedafive.com\/es\/wp-json\/wp\/v2\/users\/1"}],"replies":[{"embeddable":true,"href":"https:\/\/www.vedafive.com\/es\/wp-json\/wp\/v2\/comments?post=20459"}],"version-history":[{"count":0,"href":"https:\/\/www.vedafive.com\/es\/wp-json\/wp\/v2\/pages\/20459\/revisions"}],"wp:featuredmedia":[{"embeddable":true,"href":"https:\/\/www.vedafive.com\/es\/wp-json\/wp\/v2\/media\/19889"}],"wp:attachment":[{"href":"https:\/\/www.vedafive.com\/es\/wp-json\/wp\/v2\/media?parent=20459"}],"curies":[{"name":"wp","href":"https:\/\/api.w.org\/{rel}","templated":true}]}}