{"id":20494,"date":"2022-02-11T17:13:22","date_gmt":"2022-02-11T11:43:22","guid":{"rendered":"https:\/\/www.vedafive.com\/paquete-de-rejuvenecimiento-ayurvedico-mejor-retiro-en-goa-india-veda5\/"},"modified":"2023-02-25T01:10:57","modified_gmt":"2023-02-24T19:40:57","slug":"paquete-de-rejuvenecimiento-ayurvedico-mejor-retiro-en-goa-india-veda5","status":"publish","type":"page","link":"https:\/\/www.vedafive.com\/es\/paquete-de-rejuvenecimiento-ayurvedico-mejor-retiro-en-goa-india-veda5\/","title":{"rendered":"Paquete de rejuvenecimiento ayurv\u00e9dico &#8211; Mejor retiro en Goa, India &#8211; Veda5"},"content":{"rendered":"<section class=\"wpb-content-wrapper\">[vc_row blox_class=\u00bbhm_topvid_row\u00bb][vc_column][vc_video link=\u00bbhttps:\/\/www.youtube.com\/watch?v=okwFDDRCPUQ\u00bb align=\u00bbcenter\u00bb][\/vc_column][\/vc_row][vc_row css=\u00bb.vc_custom_1580102054503{margin-top: 25px !important;margin-bottom: 10px !important;padding-top: 0px !important;padding-bottom: 0px !important;}\u00bb][vc_column css=\u00bb.vc_custom_1580102012278{margin-top: 0px !important;margin-bottom: 0px !important;padding-top: 0px !important;padding-bottom: 0px !important;}\u00bb]<h1 class=\"big-title1 aligncenter\">El mejor retiro y centro de ayurveda en Goa<\/h1><article class=\"title-plus-text type-2 center \" style=\"text-align:center\" ><h3>Retiro, centro y tratamientos ayurv\u00e9dicos mejor valorados en Goa<\/h3><h2>Paquetes Veda5<\/h2><\/article>[\/vc_column][\/vc_row][vc_row row_type=\u00bb2&#8243; blox_image=\u00bb12372&#8243; blox_class=\u00bbgtitle_row\u00bb][vc_column]<article class=\"title-plus-text type-2 center \" style=\"text-align:center\" ><h3>Rel\u00e1jese, rejuvenezca y sanee para recuperar el bienestar<\/h3><h2>Paquete de rejuvenecimiento Ayurveda<\/h2><\/article><hr class=\"vertical-space2\">[vc_row_inner][vc_column_inner width=\u00bb1\/2&#8243;]\n\t<div class=\"subtitle-element subtitle-element1\">\n\t\t<h4 style=\"color: #f27439;\">Descripci\u00f3n<\/h4>\n\t<\/div>[vc_column_text]\n<p style=\"text-align: justify;\">Veda5 es el mejor retiro de Ayurveda en Goa, India. Seg\u00fan las ense\u00f1anzas del Ayurveda, todo ser humano tiene cuatro instintos biol\u00f3gicos y espirituales: el religioso, el financiero, el pro-creativo y el instinto hacia la libertad. Una buena salud equilibrada es la base para la realizaci\u00f3n de estos instintos. El Ayurveda ayuda a la persona sana a mantener la salud y a la persona enferma a recuperarla. Es una ciencia de la vida m\u00e9dica-metaf\u00edsica curativa, la madre de todas las artes curativas.<\/p>\n<p style=\"text-align: justify;\">La cl\u00ednica y el spa Veda5 Ayurveda est\u00e1n dirigidos por m\u00e9dicos de gran experiencia y ofrecen aut\u00e9nticos tratamientos ayurv\u00e9dicos tradicionales y atenci\u00f3n personalizada para cada hu\u00e9sped. Se utilizan productos naturales de alta calidad para los tratamientos de relajaci\u00f3n, rejuvenecimiento y curaci\u00f3n, que son realizados por terapeutas bien formados bajo la supervisi\u00f3n de m\u00e9dicos. La pr\u00e1ctica del Ayurveda est\u00e1 dise\u00f1ada para promover la felicidad humana, la salud y el crecimiento creativo.<\/p>\n<p style=\"text-align: justify;\">Las clases de yoga de Veda5 est\u00e1n dirigidas por instructores de renombre con amplia experiencia en ayudar a las personas a alcanzar el bienestar, la longevidad y la autorrealizaci\u00f3n.<\/p>\n<p>Las instalaciones acogedoras, aireadas y naturales, bien dise\u00f1adas, con pintorescas vistas al lago, har\u00e1n que su estancia y su experiencia general de bienestar sean hermosas, nutritivas y memorables.[\/vc_column_text][vc_media_grid grid_id=\u00bbvc_gid:1677267619658-ea33250e-9696-8&#8243; include=\u00bb16922,16929,16933&#8243; el_class=\u00bbcustom-thres-img\u00bb]<hr class=\"vertical-space1\">[vc_column_text]* Los horarios y los temas pueden variar y se muestran en el retiro cada ma\u00f1ana.[\/vc_column_text]<hr class=\"vertical-space1\">[\/vc_column_inner][vc_column_inner width=\u00bb1\/2&#8243;]<div id=\"highlight-box-wrap-9135\"  data-ultimate-target='#highlight-box-wrap-9135'  data-responsive-json-new='{\"font-size\":\"desktop:32px;\",\"line-height\":\"\"}'  class=\"ultimate-call-to-action ult-adjust-bottom-margin  ctaction-text-center ult-responsive\" style=\"font-weight:normal;color:#ffffff;background:#f27439;padding-top:20px;padding-bottom:20px;\"  data-background=\"#f27439\"  data-background-hover=\"#f27439\"  data-override=\"0\" ><div class=\"uvc-ctaction-data uvc-ctaction-data-no-effect ult-responsive\">La estancia m\u00ednima es de 3 noches<\/div><\/div>\n\t<div class=\"subtitle-element subtitle-element1\">\n\t\t<h4 style=\"color: #f27439;\">Tarifas por noche (en INR)<\/h4>\n\t<\/div>[vc_column_text]        <div id=\"footable_parent_10974\" class=\"footable_parent wp_table_data_press_parent bootstrap3 \">\n                                                <table data-footable_id=\"10974\" id=\"footable_10974\" class=\" foo-table ninja_footable foo_table_10974 table \"><\/table>        <\/div>\n        [\/vc_column_text][vc_column_text]\n<p style=\"font-size: 12px !important;\">*IVA adicional seg\u00fan corresponda<\/p>\n[\/vc_column_text]<hr class=\"vertical-space1\">\n\t<div class=\"subtitle-element subtitle-element1\">\n\t\t<h4 style=\"color: #f27439;\">Incluye<\/h4>\n\t<\/div><p class=\"\"><ul class=\"check\" >\n<li class=\"\">Estancia en una habitaci\u00f3n bien equipada<\/li>\n<li class=\"\">Veda5 Comidas de Cocina Vegetariana (Desayuno, Comida, Cena + T\u00e9 por la noche)<\/li>\n<li class=\"\">60 minutos de masaje ayurv\u00e9dico diario<\/li>\n<li class=\"\">Clase matutina de Pranayama y Yoga<\/li>\n<li class=\"\"> Sesi\u00f3n de meditaci\u00f3n nocturna<\/li>\n<li class=\"\">Conferencia sobre ayurveda y clase de cocina ayurv\u00e9dica<\/li>\n<\/ul><\/p><div class=\" ubtn-ctn-center \"><a class=\"ubtn-link ult-adjust-bottom-margin ubtn-center ubtn-normal \" href=\"\/es\/submit-your-booking-requirements-at-veda5\/\" title=\"Submit Your Booking Requirements at Veda5\" ><button type=\"button\" id=\"ubtn-8687\"  class=\"ubtn ult-adjust-bottom-margin ult-responsive ubtn-normal ubtn-no-hover-bg  ulta-grow  ubtn-center   tooltip-69fec6f9ce425\"  data-hover=\"\" data-border-color=\"\" data-bg=\"#3d9404\" data-hover-bg=\"#f27439\" data-border-hover=\"\" data-shadow-hover=\"\" data-shadow-click=\"none\" data-shadow=\"\" data-shd-shadow=\"\"  data-ultimate-target='#ubtn-8687'  data-responsive-json-new='{\"font-size\":\"\",\"line-height\":\"\"}'  style=\"font-weight:normal;border:none;background: #3d9404;color: #ffffff;\"><span class=\"ubtn-hover\" style=\"background-color:#f27439\"><\/span><span class=\"ubtn-data ubtn-text \" >Contactar para obtener las mejores tarifas<\/span><\/button><\/a><\/div>[\/vc_column_inner][\/vc_row_inner]<hr class=\"vertical-space1\">[\/vc_column][\/vc_row]\n<\/section>","protected":false},"excerpt":{"rendered":"<p>[vc_row blox_class=\u00bbhm_topvid_row\u00bb][vc_column][vc_video link=\u00bbhttps:\/\/www.youtube.com\/watch?v=okwFDDRCPUQ\u00bb align=\u00bbcenter\u00bb][\/vc_column][\/vc_row][vc_row css=\u00bb.vc_custom_1580102054503{margin-top: 25px !important;margin-bottom: 10px !important;padding-top: 0px !important;padding-bottom: 0px !important;}\u00bb][vc_column css=\u00bb.vc_custom_1580102012278{margin-top: 0px !important;margin-bottom: 0px !important;padding-top: 0px !important;padding-bottom: 0px !important;}\u00bb][\/vc_column][\/vc_row][vc_row row_type=\u00bb2&#8243; blox_image=\u00bb12372&#8243; blox_class=\u00bbgtitle_row\u00bb][vc_column][vc_row_inner][vc_column_inner width=\u00bb1\/2&#8243;][vc_column_text] Veda5 es el mejor retiro de Ayurveda en Goa, India. Seg\u00fan las ense\u00f1anzas del Ayurveda, todo ser humano tiene cuatro instintos biol\u00f3gicos y espirituales: el religioso, el financiero, el pro-creativo y el instinto hacia la libertad. Una buena salud equilibrada es la base para la realizaci\u00f3n de estos instintos. El Ayurveda ayuda a la persona sana a mantener la salud y a la persona enferma a recuperarla. Es una ciencia de la vida m\u00e9dica-metaf\u00edsica curativa, la madre de todas las artes curativas. La cl\u00ednica y el spa Veda5 Ayurveda est\u00e1n dirigidos por m\u00e9dicos de gran experiencia y ofrecen aut\u00e9nticos tratamientos ayurv\u00e9dicos tradicionales y atenci\u00f3n personalizada para cada hu\u00e9sped. Se utilizan productos naturales de alta calidad para los tratamientos de relajaci\u00f3n, rejuvenecimiento y curaci\u00f3n, que son realizados por terapeutas bien formados bajo la supervisi\u00f3n de m\u00e9dicos. La pr\u00e1ctica del Ayurveda est\u00e1 dise\u00f1ada para promover la felicidad humana, la salud y el crecimiento creativo. Las clases de yoga de Veda5 est\u00e1n dirigidas por instructores de renombre con amplia experiencia en ayudar a las personas a alcanzar el bienestar, la longevidad y la autorrealizaci\u00f3n. Las instalaciones acogedoras, aireadas y naturales, bien dise\u00f1adas, con pintorescas vistas al lago, har\u00e1n que su estancia y su experiencia general de bienestar sean hermosas, nutritivas y memorables.[\/vc_column_text][vc_media_grid grid_id=\u00bbvc_gid:1677267619658-ea33250e-9696-8&#8243; include=\u00bb16922,16929,16933&#8243; el_class=\u00bbcustom-thres-img\u00bb][vc_column_text]* Los horarios y los temas pueden variar y se muestran en el retiro cada ma\u00f1ana.[\/vc_column_text][\/vc_column_inner][vc_column_inner width=\u00bb1\/2&#8243;][vc_column_text][\/vc_column_text][vc_column_text] *IVA adicional seg\u00fan corresponda [\/vc_column_text][\/vc_column_inner][\/vc_row_inner][\/vc_column][\/vc_row]<\/p>\n","protected":false},"author":1,"featured_media":19751,"parent":0,"menu_order":0,"comment_status":"closed","ping_status":"closed","template":"","meta":{"footnotes":""},"class_list":["post-20494","page","type-page","status-publish","has-post-thumbnail","hentry"],"yoast_head":"<!-- This site is optimized with the Yoast SEO plugin v22.1 - https:\/\/yoast.com\/wordpress\/plugins\/seo\/ -->\n<title>Paquete de rejuvenecimiento ayurv\u00e9dico - Mejor retiro en Goa, India - Veda5<\/title>\n<meta name=\"description\" content=\"Desestr\u00e9sese, rel\u00e1jese y rejuvenezca con tratamientos ayurv\u00e9dicos, sesiones de yoga y meditaci\u00f3n y una cocina nutritiva en el mejor retiro de Goa, India.\" \/>\n<meta name=\"robots\" content=\"index, follow, max-snippet:-1, max-image-preview:large, max-video-preview:-1\" \/>\n<link rel=\"canonical\" href=\"https:\/\/www.vedafive.com\/es\/paquete-de-rejuvenecimiento-ayurvedico-mejor-retiro-en-goa-india-veda5\/\" \/>\n<meta property=\"og:locale\" content=\"es_ES\" \/>\n<meta property=\"og:type\" content=\"article\" \/>\n<meta property=\"og:title\" content=\"Paquete de rejuvenecimiento ayurv\u00e9dico - Mejor retiro en Goa, India - Veda5\" \/>\n<meta property=\"og:description\" content=\"Desestr\u00e9sese, rel\u00e1jese y rejuvenezca con tratamientos ayurv\u00e9dicos, sesiones de yoga y meditaci\u00f3n y una cocina nutritiva en el mejor retiro de Goa, India.\" \/>\n<meta property=\"og:url\" content=\"https:\/\/www.vedafive.com\/es\/paquete-de-rejuvenecimiento-ayurvedico-mejor-retiro-en-goa-india-veda5\/\" \/>\n<meta property=\"og:site_name\" content=\"Best Ayurveda, Panchakarma &amp; Yoga Wellness Retreats in Rishikesh, Goa &amp; Kerala, India\" \/>\n<meta property=\"article:publisher\" content=\"https:\/\/www.facebook.com\/veda5Wellness\" \/>\n<meta property=\"article:modified_time\" content=\"2023-02-24T19:40:57+00:00\" \/>\n<meta property=\"og:image\" content=\"https:\/\/www.vedafive.com\/wp-content\/uploads\/2021\/05\/Veda5-Best-Luxury-Wellness-Retreat-and-Spa-in-Arambol-North-Goa-India.jpg\" \/>\n\t<meta property=\"og:image:width\" content=\"900\" \/>\n\t<meta property=\"og:image:height\" content=\"675\" \/>\n\t<meta property=\"og:image:type\" content=\"image\/jpeg\" \/>\n<meta name=\"twitter:label1\" content=\"Est. reading time\" \/>\n\t<meta name=\"twitter:data1\" content=\"3 minutos\" \/>\n<script type=\"application\/ld+json\" class=\"yoast-schema-graph\">{\"@context\":\"https:\/\/schema.org\",\"@graph\":[{\"@type\":\"WebPage\",\"@id\":\"https:\/\/www.vedafive.com\/es\/paquete-de-rejuvenecimiento-ayurvedico-mejor-retiro-en-goa-india-veda5\/\",\"url\":\"https:\/\/www.vedafive.com\/es\/paquete-de-rejuvenecimiento-ayurvedico-mejor-retiro-en-goa-india-veda5\/\",\"name\":\"Paquete de rejuvenecimiento ayurv\u00e9dico - Mejor retiro en Goa, India - Veda5\",\"isPartOf\":{\"@id\":\"https:\/\/www.vedafive.com\/es\/#website\"},\"datePublished\":\"2022-02-11T11:43:22+00:00\",\"dateModified\":\"2023-02-24T19:40:57+00:00\",\"description\":\"Desestr\u00e9sese, rel\u00e1jese y rejuvenezca con tratamientos ayurv\u00e9dicos, sesiones de yoga y meditaci\u00f3n y una cocina nutritiva en el mejor retiro de Goa, India.\",\"breadcrumb\":{\"@id\":\"https:\/\/www.vedafive.com\/es\/paquete-de-rejuvenecimiento-ayurvedico-mejor-retiro-en-goa-india-veda5\/#breadcrumb\"},\"inLanguage\":\"es\",\"potentialAction\":[{\"@type\":\"ReadAction\",\"target\":[\"https:\/\/www.vedafive.com\/es\/paquete-de-rejuvenecimiento-ayurvedico-mejor-retiro-en-goa-india-veda5\/\"]}]},{\"@type\":\"BreadcrumbList\",\"@id\":\"https:\/\/www.vedafive.com\/es\/paquete-de-rejuvenecimiento-ayurvedico-mejor-retiro-en-goa-india-veda5\/#breadcrumb\",\"itemListElement\":[{\"@type\":\"ListItem\",\"position\":1,\"name\":\"Home\",\"item\":\"https:\/\/www.vedafive.com\/es\/home-16-apr-2024-2-3\/\"},{\"@type\":\"ListItem\",\"position\":2,\"name\":\"Paquete de rejuvenecimiento ayurv\u00e9dico &#8211; Mejor retiro en Goa, India &#8211; Veda5\"}]},{\"@type\":\"WebSite\",\"@id\":\"https:\/\/www.vedafive.com\/es\/#website\",\"url\":\"https:\/\/www.vedafive.com\/es\/\",\"name\":\"Best Ayurveda, Panchakarma & Yoga Wellness Retreats in Rishikesh, Goa & Kerala, India\",\"description\":\"Top-Rated Wellness Retreat, Resort &amp; Hotel\",\"publisher\":{\"@id\":\"https:\/\/www.vedafive.com\/es\/#organization\"},\"potentialAction\":[{\"@type\":\"SearchAction\",\"target\":{\"@type\":\"EntryPoint\",\"urlTemplate\":\"https:\/\/www.vedafive.com\/es\/?s={search_term_string}\"},\"query-input\":\"required name=search_term_string\"}],\"inLanguage\":\"es\"},{\"@type\":\"Organization\",\"@id\":\"https:\/\/www.vedafive.com\/es\/#organization\",\"name\":\"Best Ayurveda, Panchakarma & Yoga Wellness Retreats in Rishikesh, Goa & Kerala, India\",\"url\":\"https:\/\/www.vedafive.com\/es\/\",\"logo\":{\"@type\":\"ImageObject\",\"inLanguage\":\"es\",\"@id\":\"https:\/\/www.vedafive.com\/es\/#\/schema\/logo\/image\/\",\"url\":\"https:\/\/www.vedafive.com\/wp-content\/uploads\/2022\/02\/Veda5-Wellness-Retreat-Rishikesh-Goa-Kerala-India-Logo-Logo-Website.png\",\"contentUrl\":\"https:\/\/www.vedafive.com\/wp-content\/uploads\/2022\/02\/Veda5-Wellness-Retreat-Rishikesh-Goa-Kerala-India-Logo-Logo-Website.png\",\"width\":227,\"height\":96,\"caption\":\"Best Ayurveda, Panchakarma & Yoga Wellness Retreats in Rishikesh, Goa & Kerala, India\"},\"image\":{\"@id\":\"https:\/\/www.vedafive.com\/es\/#\/schema\/logo\/image\/\"},\"sameAs\":[\"https:\/\/www.facebook.com\/veda5Wellness\",\"https:\/\/www.instagram.com\/veda5wellness\/\"]}]}<\/script>\n<!-- \/ Yoast SEO plugin. -->","yoast_head_json":{"title":"Paquete de rejuvenecimiento ayurv\u00e9dico - Mejor retiro en Goa, India - Veda5","description":"Desestr\u00e9sese, rel\u00e1jese y rejuvenezca con tratamientos ayurv\u00e9dicos, sesiones de yoga y meditaci\u00f3n y una cocina nutritiva en el mejor retiro de Goa, India.","robots":{"index":"index","follow":"follow","max-snippet":"max-snippet:-1","max-image-preview":"max-image-preview:large","max-video-preview":"max-video-preview:-1"},"canonical":"https:\/\/www.vedafive.com\/es\/paquete-de-rejuvenecimiento-ayurvedico-mejor-retiro-en-goa-india-veda5\/","og_locale":"es_ES","og_type":"article","og_title":"Paquete de rejuvenecimiento ayurv\u00e9dico - Mejor retiro en Goa, India - Veda5","og_description":"Desestr\u00e9sese, rel\u00e1jese y rejuvenezca con tratamientos ayurv\u00e9dicos, sesiones de yoga y meditaci\u00f3n y una cocina nutritiva en el mejor retiro de Goa, India.","og_url":"https:\/\/www.vedafive.com\/es\/paquete-de-rejuvenecimiento-ayurvedico-mejor-retiro-en-goa-india-veda5\/","og_site_name":"Best Ayurveda, Panchakarma &amp; Yoga Wellness Retreats in Rishikesh, Goa &amp; Kerala, India","article_publisher":"https:\/\/www.facebook.com\/veda5Wellness","article_modified_time":"2023-02-24T19:40:57+00:00","og_image":[{"width":900,"height":675,"url":"https:\/\/www.vedafive.com\/wp-content\/uploads\/2021\/05\/Veda5-Best-Luxury-Wellness-Retreat-and-Spa-in-Arambol-North-Goa-India.jpg","type":"image\/jpeg"}],"twitter_misc":{"Est. reading time":"3 minutos"},"schema":{"@context":"https:\/\/schema.org","@graph":[{"@type":"WebPage","@id":"https:\/\/www.vedafive.com\/es\/paquete-de-rejuvenecimiento-ayurvedico-mejor-retiro-en-goa-india-veda5\/","url":"https:\/\/www.vedafive.com\/es\/paquete-de-rejuvenecimiento-ayurvedico-mejor-retiro-en-goa-india-veda5\/","name":"Paquete de rejuvenecimiento ayurv\u00e9dico - Mejor retiro en Goa, India - Veda5","isPartOf":{"@id":"https:\/\/www.vedafive.com\/es\/#website"},"datePublished":"2022-02-11T11:43:22+00:00","dateModified":"2023-02-24T19:40:57+00:00","description":"Desestr\u00e9sese, rel\u00e1jese y rejuvenezca con tratamientos ayurv\u00e9dicos, sesiones de yoga y meditaci\u00f3n y una cocina nutritiva en el mejor retiro de Goa, India.","breadcrumb":{"@id":"https:\/\/www.vedafive.com\/es\/paquete-de-rejuvenecimiento-ayurvedico-mejor-retiro-en-goa-india-veda5\/#breadcrumb"},"inLanguage":"es","potentialAction":[{"@type":"ReadAction","target":["https:\/\/www.vedafive.com\/es\/paquete-de-rejuvenecimiento-ayurvedico-mejor-retiro-en-goa-india-veda5\/"]}]},{"@type":"BreadcrumbList","@id":"https:\/\/www.vedafive.com\/es\/paquete-de-rejuvenecimiento-ayurvedico-mejor-retiro-en-goa-india-veda5\/#breadcrumb","itemListElement":[{"@type":"ListItem","position":1,"name":"Home","item":"https:\/\/www.vedafive.com\/es\/home-16-apr-2024-2-3\/"},{"@type":"ListItem","position":2,"name":"Paquete de rejuvenecimiento ayurv\u00e9dico &#8211; Mejor retiro en Goa, India &#8211; Veda5"}]},{"@type":"WebSite","@id":"https:\/\/www.vedafive.com\/es\/#website","url":"https:\/\/www.vedafive.com\/es\/","name":"Best Ayurveda, Panchakarma & Yoga Wellness Retreats in Rishikesh, Goa & Kerala, India","description":"Top-Rated Wellness Retreat, Resort &amp; Hotel","publisher":{"@id":"https:\/\/www.vedafive.com\/es\/#organization"},"potentialAction":[{"@type":"SearchAction","target":{"@type":"EntryPoint","urlTemplate":"https:\/\/www.vedafive.com\/es\/?s={search_term_string}"},"query-input":"required name=search_term_string"}],"inLanguage":"es"},{"@type":"Organization","@id":"https:\/\/www.vedafive.com\/es\/#organization","name":"Best Ayurveda, Panchakarma & Yoga Wellness Retreats in Rishikesh, Goa & Kerala, India","url":"https:\/\/www.vedafive.com\/es\/","logo":{"@type":"ImageObject","inLanguage":"es","@id":"https:\/\/www.vedafive.com\/es\/#\/schema\/logo\/image\/","url":"https:\/\/www.vedafive.com\/wp-content\/uploads\/2022\/02\/Veda5-Wellness-Retreat-Rishikesh-Goa-Kerala-India-Logo-Logo-Website.png","contentUrl":"https:\/\/www.vedafive.com\/wp-content\/uploads\/2022\/02\/Veda5-Wellness-Retreat-Rishikesh-Goa-Kerala-India-Logo-Logo-Website.png","width":227,"height":96,"caption":"Best Ayurveda, Panchakarma & Yoga Wellness Retreats in Rishikesh, Goa & Kerala, India"},"image":{"@id":"https:\/\/www.vedafive.com\/es\/#\/schema\/logo\/image\/"},"sameAs":["https:\/\/www.facebook.com\/veda5Wellness","https:\/\/www.instagram.com\/veda5wellness\/"]}]}},"_links":{"self":[{"href":"https:\/\/www.vedafive.com\/es\/wp-json\/wp\/v2\/pages\/20494","targetHints":{"allow":["GET"]}}],"collection":[{"href":"https:\/\/www.vedafive.com\/es\/wp-json\/wp\/v2\/pages"}],"about":[{"href":"https:\/\/www.vedafive.com\/es\/wp-json\/wp\/v2\/types\/page"}],"author":[{"embeddable":true,"href":"https:\/\/www.vedafive.com\/es\/wp-json\/wp\/v2\/users\/1"}],"replies":[{"embeddable":true,"href":"https:\/\/www.vedafive.com\/es\/wp-json\/wp\/v2\/comments?post=20494"}],"version-history":[{"count":0,"href":"https:\/\/www.vedafive.com\/es\/wp-json\/wp\/v2\/pages\/20494\/revisions"}],"wp:featuredmedia":[{"embeddable":true,"href":"https:\/\/www.vedafive.com\/es\/wp-json\/wp\/v2\/media\/19751"}],"wp:attachment":[{"href":"https:\/\/www.vedafive.com\/es\/wp-json\/wp\/v2\/media?parent=20494"}],"curies":[{"name":"wp","href":"https:\/\/api.w.org\/{rel}","templated":true}]}}